{"id":2,"date":"2019-11-13T13:59:21","date_gmt":"2019-11-13T13:59:21","guid":{"rendered":"https:\/\/joenpolvi.fi\/?page_id=2"},"modified":"2023-07-19T11:53:47","modified_gmt":"2023-07-19T09:53:47","slug":"polkuni","status":"publish","type":"page","link":"https:\/\/joenpolvi.fi\/?page_id=2","title":{"rendered":"Polkuni"},"content":{"rendered":"\n<p>Olen Kristiina. Opiskellut ohjelmoijaksi, viljelij\u00e4ksi, projektip\u00e4\u00e4llik\u00f6ksi, tuotekehitt\u00e4j\u00e4ksi ja joogaohjaajaksi. Seuraava tavoitteeni on valmistua yhteis\u00f6pedagogiksi 2021. <\/p>\n\n\n\n<p>Opetus on aina ollut minusta mielek\u00e4st\u00e4. Urani aloitin heti kun olin oppinut lukemaan. Opetin kolme vuotta nuoremmalle serkulleni heti kaiken oppimani ja h\u00e4n erinomaisena oppilaana oivalsi kirjainten yhdistelyn taidon.  <\/p>\n\n\n\n<p>Olen opintojen ohessa ehtinyt tehd\u00e4 my\u00f6s t\u00f6it\u00e4. Atk-suunnittelijana, erikoissuunnittelijana, projektip\u00e4\u00e4llikk\u00f6n\u00e4, em\u00e4nt\u00e4n\u00e4, toimitusjohtajana. Ty\u00f6kokemukseni ja koulutukseni eiv\u00e4t kuitenkaan antaneet minulle mahdollisuutta p\u00e4\u00e4st\u00e4 hakemaan ja tekem\u00e4\u00e4n sellaisia t\u00f6it\u00e4, joita olisin uudessa el\u00e4m\u00e4ntilanteessa halunnut tehd\u00e4, joten opiskelu vaikutti varsin houkuttelevalta ja mukavalta vaihtoehdolta.<\/p>\n\n\n\n<p>Tietoj\u00e4rjestelmi\u00e4 suunnitellessa p\u00e4\u00e4sin my\u00f6s opettamaan valmistuneiden tietoj\u00e4rjestelmien k\u00e4ytt\u00f6\u00e4. Tiedonjakajasta oppimisen edist\u00e4j\u00e4ksi oli kurssi joskus viime vuosisadan loppupuolella, jossa sain ensikosketuksen valmennuspedagogiikkaan. Se opetti innostamaan oppilaitani oppimaan. Kuten my\u00f6s luomaan kiinnostavia materiaaleja Excelin, Wordin ja PowerPointin opetukseen.<\/p>\n\n\n\n<p>Aikuiskasvatustieteen perusteet opiskelin 2012 ja haaveilin jatkavani ammatilliseksi opettajaksi. Mutta el\u00e4m\u00e4 tuli v\u00e4liin.  Toisaalta nyt on hyv\u00e4, voin hy\u00f6dynt\u00e4\u00e4 silloiset opintoni ja katsoa rauhassa mik\u00e4 minusta tulee.   <\/p>\n\n\n\n<p>Tavoitteenani on p\u00e4\u00e4st\u00e4 tekem\u00e4\u00e4n kaikkia voimauttavaa ty\u00f6t\u00e4 ja jotta erityisesti naiset uskaltaisivat el\u00e4\u00e4 omaa el\u00e4m\u00e4\u00e4ns\u00e4, tuntea ja tiet\u00e4\u00e4 rajansa ja kertoa niist\u00e4. Eik\u00e4 vaatia toisiltakaan mit\u00e4\u00e4n vain sen takia, ett\u00e4 niin on aina tehty.  Mutta kaikki aikanaan.<\/p>\n\n\n\n<p>Tervetuloa kanssani matkalle yhteis\u00f6pedagogiksi!<\/p>\n","protected":false},"excerpt":{"rendered":"<p>Olen Kristiina. Opiskellut ohjelmoijaksi, viljelij\u00e4ksi, projektip\u00e4\u00e4llik\u00f6ksi, tuotekehitt\u00e4j\u00e4ksi ja joogaohjaajaksi. Seuraava tavoitteeni on valmistua yhteis\u00f6pedagogiksi 2021. Opetus on aina ollut minusta mielek\u00e4st\u00e4. Urani aloitin heti kun olin oppinut lukemaan. Opetin kolme vuotta nuoremmalle serkulleni heti kaiken oppimani ja h\u00e4n erinomaisena oppilaana oivalsi kirjainten yhdistelyn taidon. Olen opintojen ohessa ehtinyt tehd\u00e4 my\u00f6s t\u00f6it\u00e4. Atk-suunnittelijana, erikoissuunnittelijana, projektip\u00e4\u00e4llikk\u00f6n\u00e4, em\u00e4nt\u00e4n\u00e4, toimitusjohtajana. Ty\u00f6kokemukseni ja koulutukseni eiv\u00e4t kuitenkaan antaneet minulle mahdollisuutta p\u00e4\u00e4st\u00e4 hakemaan ja tekem\u00e4\u00e4n sellaisia t\u00f6it\u00e4, joita olisin uudessa el\u00e4m\u00e4ntilanteessa halunnut tehd\u00e4, joten opiskelu vaikutti varsin houkuttelevalta ja mukavalta vaihtoehdolta. Tietoj\u00e4rjestelmi\u00e4 suunnitellessa p\u00e4\u00e4sin my\u00f6s opettamaan valmistuneiden tietoj\u00e4rjestelmien k\u00e4ytt\u00f6\u00e4. Tiedonjakajasta oppimisen edist\u00e4j\u00e4ksi oli kurssi joskus viime vuosisadan loppupuolella, jossa sain ensikosketuksen valmennuspedagogiikkaan. Se opetti innostamaan oppilaitani oppimaan. Kuten my\u00f6s luomaan kiinnostavia materiaaleja Excelin, Wordin ja PowerPointin opetukseen. Aikuiskasvatustieteen perusteet opiskelin 2012 ja haaveilin jatkavani ammatilliseksi opettajaksi. Mutta el\u00e4m\u00e4 tuli v\u00e4liin. Toisaalta nyt on hyv\u00e4, voin hy\u00f6dynt\u00e4\u00e4 silloiset opintoni ja katsoa rauhassa mik\u00e4 minusta tulee. Tavoitteenani on p\u00e4\u00e4st\u00e4 tekem\u00e4\u00e4n kaikkia voimauttavaa ty\u00f6t\u00e4 ja jotta erityisesti naiset uskaltaisivat el\u00e4\u00e4 omaa el\u00e4m\u00e4\u00e4ns\u00e4, tuntea ja tiet\u00e4\u00e4 rajansa ja kertoa niist\u00e4. Eik\u00e4 vaatia toisiltakaan mit\u00e4\u00e4n vain sen takia, ett\u00e4 niin on aina tehty. Mutta kaikki aikanaan. Tervetuloa kanssani matkalle yhteis\u00f6pedagogiksi!<\/p>\n","protected":false},"author":2,"featured_media":114,"parent":364,"menu_order":0,"comment_status":"closed","ping_status":"open","template":"","meta":{"footnotes":""},"class_list":["post-2","page","type-page","status-publish","has-post-thumbnail","hentry"],"jetpack_sharing_enabled":true,"_links":{"self":[{"href":"https:\/\/joenpolvi.fi\/index.php?rest_route=\/wp\/v2\/pages\/2","targetHints":{"allow":["GET"]}}],"collection":[{"href":"https:\/\/joenpolvi.fi\/index.php?rest_route=\/wp\/v2\/pages"}],"about":[{"href":"https:\/\/joenpolvi.fi\/index.php?rest_route=\/wp\/v2\/types\/page"}],"author":[{"embeddable":true,"href":"https:\/\/joenpolvi.fi\/index.php?rest_route=\/wp\/v2\/users\/2"}],"replies":[{"embeddable":true,"href":"https:\/\/joenpolvi.fi\/index.php?rest_route=%2Fwp%2Fv2%2Fcomments&post=2"}],"version-history":[{"count":9,"href":"https:\/\/joenpolvi.fi\/index.php?rest_route=\/wp\/v2\/pages\/2\/revisions"}],"predecessor-version":[{"id":601,"href":"https:\/\/joenpolvi.fi\/index.php?rest_route=\/wp\/v2\/pages\/2\/revisions\/601"}],"up":[{"embeddable":true,"href":"https:\/\/joenpolvi.fi\/index.php?rest_route=\/wp\/v2\/pages\/364"}],"wp:featuredmedia":[{"embeddable":true,"href":"https:\/\/joenpolvi.fi\/index.php?rest_route=\/wp\/v2\/media\/114"}],"wp:attachment":[{"href":"https:\/\/joenpolvi.fi\/index.php?rest_route=%2Fwp%2Fv2%2Fmedia&parent=2"}],"curies":[{"name":"wp","href":"https:\/\/api.w.org\/{rel}","templated":true}]}}