{"id":35,"date":"2019-12-06T01:35:26","date_gmt":"2019-12-05T23:35:26","guid":{"rendered":"https:\/\/joenpolvi.fi\/?page_id=35"},"modified":"2023-07-19T13:01:51","modified_gmt":"2023-07-19T11:01:51","slug":"cv","status":"publish","type":"page","link":"https:\/\/joenpolvi.fi\/?page_id=35","title":{"rendered":"Osaamiseni"},"content":{"rendered":"\n<p>Olen yhteis\u00f6pedagogi, projekti- ja tietotekniikkaosaaja. T\u00e4ll\u00e4 hetkell\u00e4 opiskelen ratkaisukeskeiseksi lyhytterapeutiksi.<\/p>\n\n\n\n<p>Osaan tehd\u00e4 ja johtaa projekteissa.  Olen tehnyt t\u00f6it\u00e4 relaatiotietokantojen kanssa ja kouluttanut monenlaisten ohjelmistojen k\u00e4ytt\u00f6\u00e4. Koulutusmateriaalin luominen ja kouluttaminen on yksi intohimoistani.&nbsp;<\/p>\n\n\n\n<p>Pid\u00e4n k\u00e4sill\u00e4 tekemisest\u00e4 ja ideoinnista. Osaan ajaa traktoria ja kurottajaa, k\u00e4ytt\u00e4\u00e4 lapiota, akkuporakonetta, ompelukonetta ja neuloa. Tied\u00e4n miten savusauna rakennetaan ja miten sit\u00e4 l\u00e4mmitet\u00e4\u00e4n.<\/p>\n\n\n\n<p>Tykk\u00e4\u00e4n kehitty\u00e4 ja kehitt\u00e4\u00e4. Olen aito tiimipelaaja. Toimin luontevasti erilaisten ihmisten kanssa ja ajattelen asioita kokonaisuuden kannalta.<\/p>\n\n\n\n<p>Haluan auttaa naisia el\u00e4m\u00e4\u00e4n omaa el\u00e4m\u00e4\u00e4ns\u00e4. Mottona. Tunne ja tied\u00e4 rajasi ja kerro niist\u00e4. \u00c4l\u00e4 vaadi toisiltakaan mit\u00e4\u00e4n vain sen takia, ett\u00e4 niin on aina tehty.&nbsp;<\/p>\n\n\n\n<h3 class=\"wp-block-heading\">Taitoni<\/h3>\n\n\n\n<p>Nauru. Kokeilunhalu. Auttamishalu. Asioiden yhdistely. Analyyttisyys. Esiintymistaito. Yhteisty\u00f6- ja neuvottelutaidot. Johtamistaito, esimiestaidot. Uusien toimintatapojen l\u00f6yt\u00e4minen. Organisointitaidot.&nbsp; Ihmisten arviointitaito. Kuuntelutaito. Ohjaus-, opetus- ja valmennustaidot. Projektinjohto. Tietotekniset taidot, some, digi. Kielitaito ja kulttuurien tuntemus. Kyseenalaistamisen taito. Ongelmien ratkaisutaidot. Suunnittelutaidot. N\u00e4k\u00f6kulman vaihtaminen.<\/p>\n\n\n\n<h3 class=\"wp-block-heading\">Arvoni<\/h3>\n\n\n\n<p>Riippumattomuus. Eettisyys. Hyvinvointi. Ongelman ratkaisu, muutos. Joustavuus. Luovuus. Rakkaus. Rauha. Rehellisyys. Oikeudenmukaisuus. Seikkailu. Terveys. Kauneus. Kasvu.<\/p>\n\n\n\n<h3 class=\"wp-block-heading\">Ty\u00f6kokemus<\/h3>\n\n\n\n<p>2023 Yhteis\u00f6toiminnan kehitt\u00e4j\u00e4, Markku Juhani Fingerroosin muistos\u00e4\u00e4ti\u00f6, Turku<\/p>\n\n\n\n<p>2022 Kotelo-ohjaaja, Maaseutukuntien Kotelo -hanke, Vesanto<\/p>\n\n\n\n<p>2021 Kehitt\u00e4v\u00e4 harjoittelu, Naistenkartano ry, Tampere<\/p>\n\n\n\n<p>Kehitt\u00e4misteht\u00e4v\u00e4n\u00e4ni loin Naistenkartanon Salin, kahvilatoimintaa NOVAT-naisille.<\/p>\n\n\n\n<p>2021 Harjoittelija, Sopimusvuori ry, Kaarisillan maahanmuuttajien toiminta, Tampere<\/p>\n\n\n\n<p>2020  Ohjaajaharjoittelija, Turun aikuissosiaality\u00f6, Kelkka toiminta<\/p>\n\n\n\n<p>2013 &#8211; 2017 Toimitusjohtaja, Kojonkulman Hake oy<\/p>\n\n\n\n<p>2006 &#8211; 2010\tErikoissuunnittelija, Elintarviketurvallisuusvirasto, Tietohallinto<\/p>\n\n\n\n<p>Osallistuin tietoj\u00e4rjestelmien kehitt\u00e4miseen, k\u00e4ytt\u00f6\u00f6noton koulutuksiin ja yll\u00e4pitoon. Toimin projektip\u00e4\u00e4llikk\u00f6n\u00e4 projektinhallintamallin kehitt\u00e4misprojektissa. Teht\u00e4v\u00e4n\u00e4ni oli my\u00f6s j\u00e4rjest\u00e4\u00e4 Excelin, Wordin ja PowerPointin kursseja henkil\u00f6st\u00f6lle.<\/p>\n\n\n\n<p>1999 &#8211; 2006\tAtk-suunnittelija, MMM:n tietopalvelukeskus, Tietohallinto<\/p>\n\n\n\n<p>Tein t\u00f6it\u00e4 elintarvikehallinnon tietoj\u00e4rjestelmien kanssa ja olin mukana my\u00f6s hallinnon yhteisten tietoj\u00e4rjestelm\u00e4osien kehitt\u00e4misess\u00e4 ja kilpailutuksissa.<\/p>\n\n\n\n<p>1998 &#8211; 1999\tAtk-suunnittelija, MMM:n tietopalvelukeskus, Tietohallinto<\/p>\n\n\n\n<p>1998 &#8211; 2017\tMaatilan em\u00e4nt\u00e4n\u00e4 ensin sikatilalla my\u00f6hemmin hein\u00e4nviljelytilalla<\/p>\n\n\n\n<p>Toimenkuva oli laaja. Siivooja, kokki, saunamestari, paalaimen kuljettaja, kurottajakuski, rakennuttaja, laatoittaja, sisustussuunnittelija&#8230;<\/p>\n\n\n\n<p>1995 &#8211; 1998\tAtk-suunnittelija, Kasvintuotannon tarkastuskeskus, Siementarkastusosasto<\/p>\n\n\n\n<p>Aloitin ty\u00f6ni j\u00e4rjest\u00e4m\u00e4ll\u00e4 uuden tuotantoj\u00e4rjestelm\u00e4n varmistukset. Ensimm\u00e4isiin teht\u00e4viin kuului my\u00f6s palvelimen ja sis\u00e4verkon pystytys ja kaikkien teknisten laitteiden (puhelinkeskuksesta, kopiokoneeseen) k\u00e4yt\u00f6n tuki. Tein ensimm\u00e4isen version luomuj\u00e4rjestelm\u00e4st\u00e4 itse ja seuraavan suunnitteluprojektissa olin projektip\u00e4\u00e4llikk\u00f6n\u00e4.<\/p>\n\n\n\n<p>1994\t\tMaatalousharjoittelija, Helsingin yliopiston Suitian opetus- ja tutkimustila<\/p>\n\n\n\n<p>1994\t\tAtk-suunnittelija, Kasvintuotannon tarkastuskeskus, Siementarkastusosasto<\/p>\n\n\n\n<p>1992\t\tMaatilaharjoittelu Kauneela-Tuomolan tilalla<\/p>\n\n\n\n<p>1991 &#8211; 1992\tEnglannin ja ruotsin kielen opettaja, Loimaan maatalousoppilaitos<\/p>\n\n\n\n<h3 class=\"wp-block-heading\">Koulutus<\/h3>\n\n\n\n<p>2022- Ratkaisukeskeinen lyhytterapeutti, Step by Step Oy<\/p>\n\n\n\n<p>2021 Yhteis\u00f6pedagogi, Turun Humanistinen ammattikorkeakoulu<\/p>\n\n\n\n<p>2018\t\tHatha yoga TTC (200 h), Bindusar Yoga, Budapest, Unkari<\/p>\n\n\n\n<p>2014\t\tTuotekehitt\u00e4j\u00e4n erikoisammattitutkinto, Rastor<\/p>\n\n\n\n<p>2012\t\tAikuiskasvatustieteen perusopinnot (60 op), Turun yliopisto<\/p>\n\n\n\n<p>2007\t\tPM Master, projektip\u00e4\u00e4llik\u00f6n valmennusohjelma, Projekti-instituutti<\/p>\n\n\n\n<p>1994 Windows ohjelmoinnin jatkolinja, Forssan ammatillinen aikuiskoulutuskeskus<\/p>\n\n\n\n<p>1993 Maa- ja mets\u00e4tieteellinen tiedekunta, Helsingin yliopisto<\/p>\n\n\n\n<p>1992\t\tViljelij\u00e4n ammattitutkinto, Loimaan maatalousoppilaitos<\/p>\n\n\n\n<p>1991\t\tOhjelmoija, Raision ammatillinen aikuiskoulutuskeskus<\/p>\n\n\n\n<p>1987\t\tYo-tutkinto, Loimaan lukio<\/p>\n\n\n\n<p>1986\t\tGraduate of Genoa Area High School, Genoa, Ohio, USA<br><\/p>\n\n\n\n<h3 class=\"wp-block-heading\">Lyhyet ty\u00f6t\u00e4 tukevat kurssit<\/h3>\n\n\n\n<p>2015 Villiyrttien poimijakortti<\/p>\n\n\n\n<p>2010 Avoin yritt\u00e4j\u00e4valmennus<\/p>\n\n\n\n<p>2008\t\tProjektijohtamisen valmennus<\/p>\n\n\n\n<p>2008\t\tTietoarkkitehtuuri<\/p>\n\n\n\n<p>2006\t\tJava-j\u00e4rjestelm\u00e4n projektip\u00e4\u00e4llikk\u00f6valmennus<\/p>\n\n\n\n<p>1999\t\tTiedonjakajasta oppimisen edist\u00e4j\u00e4ksi<\/p>\n\n\n\n<p>1998\t\tOracle Discoverer-hallinta<\/p>\n\n\n\n<p>1998\t\tOracle Designer Relaatiokannan suunnittelussa<\/p>\n\n\n\n<h3 class=\"wp-block-heading\">Kielitaito<\/h3>\n\n\n\n<p>Englanti, erinomainen<\/p>\n\n\n\n<p>Ruotsi, v\u00e4ltt\u00e4v\u00e4<\/p>\n\n\n\n<p>Ranska, perustiedot<\/p>\n\n\n\n<h3 class=\"wp-block-heading\">Luottamusteht\u00e4v\u00e4t<\/h3>\n\n\n\n<p>2011 &#8211; 2017 Hallituksen j\u00e4sen, Kojonkulman Martat ry<\/p>\n\n\n\n<p>2013 &#8211; 2016 Puheenjohtaja, Kojonkulman kyl\u00e4yhdistys ry<\/p>\n\n\n\n<p>1997 &#8211; 2004 Teknisen lautakunnan j\u00e4sen, Loimaan kaupunki<\/p>\n\n\n\n<p>2004 &#8211; 2008 Opetuslautakunnan j\u00e4sen, Loimaan kaupunki<\/p>\n\n\n\n<h3 class=\"wp-block-heading\">Henkil\u00f6kohtaista tietoa<\/h3>\n\n\n\n<p>Vapaa-aikana luen, opiskelen, kirjoitan, valokuvaan, tanssin, joogaan ja py\u00f6r\u00e4ilen. Hoidan viherkasveja ja puutarhaa.  Kuuntelen my\u00f6s paljon \u00e4\u00e4nikirjoja. Rakastan tehd\u00e4 kaikenlaista k\u00e4sill\u00e4ni, joskus innostun maalaamaan huonekaluja tai sisustamaan ja v\u00e4hint\u00e4\u00e4n yhdet sukat on aina tekeill\u00e4. Kes\u00e4ll\u00e4 tykk\u00e4\u00e4n rakennella kimppuja luonnonkasveista. Matkustaminen on harrastuksista parhain, tosin se on nyt ollut pakotetulla tauolla. <\/p>\n\n\n\n<p>Olen kahden aikuisen pojan \u00e4iti. Yst\u00e4v\u00e4t ja hengenheimolaiset l\u00f6ytyv\u00e4t perheest\u00e4, opiskelu- ja ty\u00f6kavereista ja harrastusten parista.&nbsp;<br><\/p>\n","protected":false},"excerpt":{"rendered":"<p>Olen yhteis\u00f6pedagogi, projekti- ja tietotekniikkaosaaja. T\u00e4ll\u00e4 hetkell\u00e4 opiskelen ratkaisukeskeiseksi lyhytterapeutiksi. Osaan tehd\u00e4 ja johtaa projekteissa. Olen tehnyt t\u00f6it\u00e4 relaatiotietokantojen kanssa ja kouluttanut monenlaisten ohjelmistojen k\u00e4ytt\u00f6\u00e4. Koulutusmateriaalin luominen ja kouluttaminen on yksi intohimoistani.&nbsp; Pid\u00e4n k\u00e4sill\u00e4 tekemisest\u00e4 ja ideoinnista. Osaan ajaa traktoria ja kurottajaa, k\u00e4ytt\u00e4\u00e4 lapiota, akkuporakonetta, ompelukonetta ja neuloa. Tied\u00e4n miten savusauna rakennetaan ja miten sit\u00e4 l\u00e4mmitet\u00e4\u00e4n. Tykk\u00e4\u00e4n kehitty\u00e4 ja kehitt\u00e4\u00e4. Olen aito tiimipelaaja. Toimin luontevasti erilaisten ihmisten kanssa ja ajattelen asioita kokonaisuuden kannalta. Haluan auttaa naisia el\u00e4m\u00e4\u00e4n omaa el\u00e4m\u00e4\u00e4ns\u00e4. Mottona. Tunne ja tied\u00e4 rajasi ja kerro niist\u00e4. \u00c4l\u00e4 vaadi toisiltakaan mit\u00e4\u00e4n vain sen takia, ett\u00e4 niin on aina tehty.&nbsp; Taitoni Nauru. Kokeilunhalu. Auttamishalu. Asioiden yhdistely. Analyyttisyys. Esiintymistaito. Yhteisty\u00f6- ja neuvottelutaidot. Johtamistaito, esimiestaidot. Uusien toimintatapojen l\u00f6yt\u00e4minen. Organisointitaidot.&nbsp; Ihmisten arviointitaito. Kuuntelutaito. Ohjaus-, opetus- ja valmennustaidot. Projektinjohto. Tietotekniset taidot, some, digi. Kielitaito ja kulttuurien tuntemus. Kyseenalaistamisen taito. Ongelmien ratkaisutaidot. Suunnittelutaidot. N\u00e4k\u00f6kulman vaihtaminen. Arvoni Riippumattomuus. Eettisyys. Hyvinvointi. Ongelman ratkaisu, muutos. Joustavuus. Luovuus. Rakkaus. Rauha. Rehellisyys. Oikeudenmukaisuus. Seikkailu. Terveys. Kauneus. Kasvu. Ty\u00f6kokemus 2023 Yhteis\u00f6toiminnan kehitt\u00e4j\u00e4, Markku Juhani Fingerroosin muistos\u00e4\u00e4ti\u00f6, Turku 2022 Kotelo-ohjaaja, Maaseutukuntien Kotelo -hanke, Vesanto 2021 Kehitt\u00e4v\u00e4 harjoittelu, Naistenkartano ry, Tampere Kehitt\u00e4misteht\u00e4v\u00e4n\u00e4ni loin Naistenkartanon Salin, kahvilatoimintaa NOVAT-naisille. 2021 Harjoittelija, Sopimusvuori ry, Kaarisillan maahanmuuttajien toiminta, Tampere 2020 Ohjaajaharjoittelija, Turun aikuissosiaality\u00f6, Kelkka toiminta 2013 &#8211; 2017 Toimitusjohtaja, Kojonkulman Hake oy 2006 &#8211; 2010 Erikoissuunnittelija, Elintarviketurvallisuusvirasto, Tietohallinto Osallistuin tietoj\u00e4rjestelmien kehitt\u00e4miseen, k\u00e4ytt\u00f6\u00f6noton koulutuksiin ja yll\u00e4pitoon. Toimin projektip\u00e4\u00e4llikk\u00f6n\u00e4 projektinhallintamallin kehitt\u00e4misprojektissa. Teht\u00e4v\u00e4n\u00e4ni oli my\u00f6s j\u00e4rjest\u00e4\u00e4 Excelin, Wordin ja PowerPointin kursseja henkil\u00f6st\u00f6lle. 1999 &#8211; 2006 Atk-suunnittelija, MMM:n tietopalvelukeskus, Tietohallinto Tein t\u00f6it\u00e4 elintarvikehallinnon tietoj\u00e4rjestelmien kanssa ja olin mukana my\u00f6s hallinnon yhteisten tietoj\u00e4rjestelm\u00e4osien kehitt\u00e4misess\u00e4 ja kilpailutuksissa. 1998 &#8211; 1999 Atk-suunnittelija, MMM:n tietopalvelukeskus, Tietohallinto 1998 &#8211; 2017 Maatilan em\u00e4nt\u00e4n\u00e4 ensin sikatilalla my\u00f6hemmin hein\u00e4nviljelytilalla Toimenkuva oli laaja. Siivooja, kokki, saunamestari, paalaimen kuljettaja, kurottajakuski, rakennuttaja, laatoittaja, sisustussuunnittelija&#8230; 1995 &#8211; 1998 Atk-suunnittelija, Kasvintuotannon tarkastuskeskus, Siementarkastusosasto Aloitin ty\u00f6ni j\u00e4rjest\u00e4m\u00e4ll\u00e4 uuden tuotantoj\u00e4rjestelm\u00e4n varmistukset. Ensimm\u00e4isiin teht\u00e4viin kuului my\u00f6s palvelimen ja sis\u00e4verkon pystytys ja kaikkien teknisten laitteiden (puhelinkeskuksesta, kopiokoneeseen) k\u00e4yt\u00f6n tuki. Tein ensimm\u00e4isen version luomuj\u00e4rjestelm\u00e4st\u00e4 itse ja seuraavan suunnitteluprojektissa olin projektip\u00e4\u00e4llikk\u00f6n\u00e4. 1994 Maatalousharjoittelija, Helsingin yliopiston Suitian opetus- ja tutkimustila 1994 Atk-suunnittelija, Kasvintuotannon tarkastuskeskus, Siementarkastusosasto 1992 Maatilaharjoittelu Kauneela-Tuomolan tilalla 1991 &#8211; 1992 Englannin ja ruotsin kielen opettaja, Loimaan maatalousoppilaitos Koulutus 2022- Ratkaisukeskeinen lyhytterapeutti, Step by Step Oy 2021 Yhteis\u00f6pedagogi, Turun Humanistinen ammattikorkeakoulu 2018 Hatha yoga TTC (200 h), Bindusar Yoga, Budapest, Unkari 2014 Tuotekehitt\u00e4j\u00e4n erikoisammattitutkinto, Rastor 2012 Aikuiskasvatustieteen perusopinnot (60 op), Turun yliopisto 2007 PM Master, projektip\u00e4\u00e4llik\u00f6n valmennusohjelma, Projekti-instituutti 1994 Windows ohjelmoinnin jatkolinja, Forssan ammatillinen aikuiskoulutuskeskus 1993 Maa- ja mets\u00e4tieteellinen tiedekunta, Helsingin yliopisto 1992 Viljelij\u00e4n ammattitutkinto, Loimaan maatalousoppilaitos 1991 Ohjelmoija, Raision ammatillinen aikuiskoulutuskeskus 1987 Yo-tutkinto, Loimaan lukio 1986 Graduate of Genoa Area High School, Genoa, Ohio, USA Lyhyet ty\u00f6t\u00e4 tukevat kurssit 2015 Villiyrttien poimijakortti 2010 Avoin yritt\u00e4j\u00e4valmennus 2008 Projektijohtamisen valmennus 2008 Tietoarkkitehtuuri 2006 Java-j\u00e4rjestelm\u00e4n projektip\u00e4\u00e4llikk\u00f6valmennus 1999 Tiedonjakajasta oppimisen edist\u00e4j\u00e4ksi 1998 Oracle Discoverer-hallinta 1998 Oracle Designer Relaatiokannan suunnittelussa Kielitaito Englanti, erinomainen Ruotsi, v\u00e4ltt\u00e4v\u00e4 Ranska, perustiedot Luottamusteht\u00e4v\u00e4t 2011 &#8211; 2017 Hallituksen j\u00e4sen, Kojonkulman Martat ry 2013 &#8211; 2016 Puheenjohtaja, Kojonkulman kyl\u00e4yhdistys ry 1997 &#8211; 2004 Teknisen lautakunnan j\u00e4sen, Loimaan kaupunki 2004 &#8211; 2008 Opetuslautakunnan j\u00e4sen, Loimaan kaupunki Henkil\u00f6kohtaista tietoa Vapaa-aikana luen, opiskelen, kirjoitan, valokuvaan, tanssin, joogaan ja py\u00f6r\u00e4ilen. Hoidan viherkasveja ja puutarhaa. Kuuntelen my\u00f6s paljon \u00e4\u00e4nikirjoja. Rakastan tehd\u00e4 kaikenlaista k\u00e4sill\u00e4ni, joskus innostun maalaamaan huonekaluja tai sisustamaan ja v\u00e4hint\u00e4\u00e4n yhdet sukat on aina tekeill\u00e4. Kes\u00e4ll\u00e4 tykk\u00e4\u00e4n rakennella kimppuja luonnonkasveista. Matkustaminen on harrastuksista parhain, tosin se on nyt ollut pakotetulla tauolla. Olen kahden aikuisen pojan \u00e4iti. Yst\u00e4v\u00e4t ja hengenheimolaiset l\u00f6ytyv\u00e4t perheest\u00e4, opiskelu- ja ty\u00f6kavereista ja harrastusten parista.&nbsp;<\/p>\n","protected":false},"author":2,"featured_media":492,"parent":0,"menu_order":1,"comment_status":"closed","ping_status":"closed","template":"","meta":{"footnotes":""},"class_list":["post-35","page","type-page","status-publish","has-post-thumbnail","hentry"],"jetpack_sharing_enabled":true,"_links":{"self":[{"href":"https:\/\/joenpolvi.fi\/index.php?rest_route=\/wp\/v2\/pages\/35","targetHints":{"allow":["GET"]}}],"collection":[{"href":"https:\/\/joenpolvi.fi\/index.php?rest_route=\/wp\/v2\/pages"}],"about":[{"href":"https:\/\/joenpolvi.fi\/index.php?rest_route=\/wp\/v2\/types\/page"}],"author":[{"embeddable":true,"href":"https:\/\/joenpolvi.fi\/index.php?rest_route=\/wp\/v2\/users\/2"}],"replies":[{"embeddable":true,"href":"https:\/\/joenpolvi.fi\/index.php?rest_route=%2Fwp%2Fv2%2Fcomments&post=35"}],"version-history":[{"count":27,"href":"https:\/\/joenpolvi.fi\/index.php?rest_route=\/wp\/v2\/pages\/35\/revisions"}],"predecessor-version":[{"id":647,"href":"https:\/\/joenpolvi.fi\/index.php?rest_route=\/wp\/v2\/pages\/35\/revisions\/647"}],"wp:featuredmedia":[{"embeddable":true,"href":"https:\/\/joenpolvi.fi\/index.php?rest_route=\/wp\/v2\/media\/492"}],"wp:attachment":[{"href":"https:\/\/joenpolvi.fi\/index.php?rest_route=%2Fwp%2Fv2%2Fmedia&parent=35"}],"curies":[{"name":"wp","href":"https:\/\/api.w.org\/{rel}","templated":true}]}}