{"id":582,"date":"2023-07-19T10:33:58","date_gmt":"2023-07-19T08:33:58","guid":{"rendered":"https:\/\/joenpolvi.fi\/?page_id=582"},"modified":"2024-02-18T18:29:38","modified_gmt":"2024-02-18T16:29:38","slug":"ratkaisukeskeinen-lyhytterapeutti","status":"publish","type":"page","link":"https:\/\/joenpolvi.fi\/?page_id=582","title":{"rendered":"Ratkaisukeskeinen lyhytterapeutti"},"content":{"rendered":"\n<p>Min\u00e4k\u00f6 muka ratkaisukeskeinen lyhytterapeutti? Lyhyemmin Ratkes-terapeutti.<\/p>\n\n\n\n<p>Olet ehk\u00e4 kuullut termist\u00e4 &#8221;ratkaisukeskeinen lyhytterapia&#8221;, mutta mit\u00e4 se oikeastaan tarkoittaa? Ent\u00e4 miksi juuri min\u00e4 voisin olla ratkaisukeskeinen lyhytterapeutti? T\u00e4ss\u00e4 tekstiss\u00e4 avaan sinulle, mik\u00e4 ratkaisukeskeinen lyhytterapia on, miten se toimii ja miksi juuri minulla voi olla kykyj\u00e4 t\u00e4llaiseen rooliin.<\/p>\n\n\n\n<p>Ratkaisukeskeinen lyhytterapia on terapiamuoto, joka keskittyy vahvuuksiin, voimavaroihin ja ratkaisuihin sen sijaan, ett\u00e4 tarkasteltaisiin ongelmia tai menneisyyden tapahtumia. Se on k\u00e4yt\u00e4nn\u00f6llinen, tulevaisuuteen suuntautunut l\u00e4hestymistapa, joka auttaa ihmisi\u00e4 tunnistamaan ja toteuttamaan muutoksia el\u00e4m\u00e4ss\u00e4\u00e4n.<\/p>\n\n\n\n<p>Terapiamuoto perustuu ajatukseen siit\u00e4, ett\u00e4 asiakas itse on paras asiantuntija omassa el\u00e4m\u00e4ss\u00e4\u00e4n. Terapeutin teht\u00e4v\u00e4n\u00e4 ei ole antaa neuvoja tai m\u00e4\u00e4r\u00e4t\u00e4 ratkaisuja, vaan auttaa asiakasta l\u00f6yt\u00e4m\u00e4\u00e4n omat vahvuutensa ja kykyns\u00e4 ratkaista omat haasteensa. Terapeutti toimii yhteisty\u00f6kumppanina ja tukena matkalla kohti asiakkaan tavoitteita.<\/p>\n\n\n\n<p>Miksi sitten juuri min\u00e4 voisin olla ratkaisukeskeinen lyhytterapeutti? Ensinn\u00e4kin, minulla on vahva usko ihmisen potentiaaliin ja voimavaroihin. Uskon, ett\u00e4 jokaisella ihmisell\u00e4 on sis\u00e4ll\u00e4\u00e4n kyky muutokseen ja kasvuun, ja haluan auttaa heit\u00e4 l\u00f6yt\u00e4m\u00e4\u00e4n ja hy\u00f6dynt\u00e4m\u00e4\u00e4n n\u00e4it\u00e4 voimavarojaan.<\/p>\n\n\n\n<p>Toiseksi, minulla on empaattinen ja kuunteleva luonne. Ymm\u00e4rr\u00e4n, ett\u00e4 jokainen ihminen on yksil\u00f6llinen ja ainutlaatuinen, ja siksi jokainen tarvitsee yksil\u00f6llist\u00e4 l\u00e4hestymistapaa. Kuuntelen asiakasta avoimin mielin ja pyrin ymm\u00e4rt\u00e4m\u00e4\u00e4n h\u00e4nen tarpeitaan ja tavoitteitaan.<\/p>\n\n\n\n<p>Kolmanneksi, minulla on vankka koulutus ja kokemus terapeuttisesta ty\u00f6st\u00e4. Parhaillaan opiskelen ratkaisukeskeiseksi lyhytyterapeutiksi Stepbystepin j\u00e4rjest\u00e4m\u00e4ss\u00e4 koulutuksessa. Olen opiskellut psykologiaa ja valmennusta ja ollut jo pitk\u00e4\u00e4n kiinnostunut mielen ihmeist\u00e4.  Olen ty\u00f6skennellyt erilaisten asiakkaiden kanssa eri el\u00e4m\u00e4ntilanteissa. T\u00e4m\u00e4 kokemus on auttanut minua kehitt\u00e4m\u00e4\u00e4n taitoja, joita tarvitaan ratkaisukeskeisen lyhytterapeutin ty\u00f6ss\u00e4.<\/p>\n\n\n\n<p>T\u00e4rkeint\u00e4 ratkaisukeskeisess\u00e4 lyhytterapiassa on kuitenkin asiakkaan tukeminen ja ohjaaminen kohti haluttuja muutoksia. Terapeutin roolina on luoda turvallinen ja kannustava ilmapiiri, jossa asiakas voi tuntea olonsa kuulluksi ja ymm\u00e4rretyksi. Ty\u00f6skentelemme yhdess\u00e4 tavoitteiden asettamiseksi ja konkreettisten ratkaisujen l\u00f6yt\u00e4miseksi.<\/p>\n\n\n\n<p>Joten, vastauksena kysymykseen &#8221;Min\u00e4k\u00f6 muka ratkaisukeskeinen lyhytterapeutti?&#8221; voin sanoa, ett\u00e4 kyll\u00e4, min\u00e4 olen sellainen. Uskon ihmisen voimaan ja potentiaaliin, olen empaattinen kuuntelija ja minulla on tarvittava koulutus ja kokemus auttaakseni ihmisi\u00e4 l\u00f6yt\u00e4m\u00e4\u00e4n ratkaisuja el\u00e4m\u00e4ns\u00e4 haasteisiin. Jos etsit tukea ja ohjausta matkallasi kohti muutosta, olen t\u00e4\u00e4ll\u00e4 auttamassa sinua.<\/p>\n\n\n\n<p>Ota rohkeasti yhteytt\u00e4 ja aloitetaan yhdess\u00e4 matka kohti parempaa tulevaisuutta.<\/p>\n","protected":false},"excerpt":{"rendered":"<p>Min\u00e4k\u00f6 muka ratkaisukeskeinen lyhytterapeutti? Lyhyemmin Ratkes-terapeutti. Olet ehk\u00e4 kuullut termist\u00e4 &#8221;ratkaisukeskeinen lyhytterapia&#8221;, mutta mit\u00e4 se oikeastaan tarkoittaa? Ent\u00e4 miksi juuri min\u00e4 voisin olla ratkaisukeskeinen lyhytterapeutti? T\u00e4ss\u00e4 tekstiss\u00e4 avaan sinulle, mik\u00e4 ratkaisukeskeinen lyhytterapia on, miten se toimii ja miksi juuri minulla voi olla kykyj\u00e4 t\u00e4llaiseen rooliin. Ratkaisukeskeinen lyhytterapia on terapiamuoto, joka keskittyy vahvuuksiin, voimavaroihin ja ratkaisuihin sen sijaan, ett\u00e4 tarkasteltaisiin ongelmia tai menneisyyden tapahtumia. Se on k\u00e4yt\u00e4nn\u00f6llinen, tulevaisuuteen suuntautunut l\u00e4hestymistapa, joka auttaa ihmisi\u00e4 tunnistamaan ja toteuttamaan muutoksia el\u00e4m\u00e4ss\u00e4\u00e4n. Terapiamuoto perustuu ajatukseen siit\u00e4, ett\u00e4 asiakas itse on paras asiantuntija omassa el\u00e4m\u00e4ss\u00e4\u00e4n. Terapeutin teht\u00e4v\u00e4n\u00e4 ei ole antaa neuvoja tai m\u00e4\u00e4r\u00e4t\u00e4 ratkaisuja, vaan auttaa asiakasta l\u00f6yt\u00e4m\u00e4\u00e4n omat vahvuutensa ja kykyns\u00e4 ratkaista omat haasteensa. Terapeutti toimii yhteisty\u00f6kumppanina ja tukena matkalla kohti asiakkaan tavoitteita. Miksi sitten juuri min\u00e4 voisin olla ratkaisukeskeinen lyhytterapeutti? Ensinn\u00e4kin, minulla on vahva usko ihmisen potentiaaliin ja voimavaroihin. Uskon, ett\u00e4 jokaisella ihmisell\u00e4 on sis\u00e4ll\u00e4\u00e4n kyky muutokseen ja kasvuun, ja haluan auttaa heit\u00e4 l\u00f6yt\u00e4m\u00e4\u00e4n ja hy\u00f6dynt\u00e4m\u00e4\u00e4n n\u00e4it\u00e4 voimavarojaan. Toiseksi, minulla on empaattinen ja kuunteleva luonne. Ymm\u00e4rr\u00e4n, ett\u00e4 jokainen ihminen on yksil\u00f6llinen ja ainutlaatuinen, ja siksi jokainen tarvitsee yksil\u00f6llist\u00e4 l\u00e4hestymistapaa. Kuuntelen asiakasta avoimin mielin ja pyrin ymm\u00e4rt\u00e4m\u00e4\u00e4n h\u00e4nen tarpeitaan ja tavoitteitaan. Kolmanneksi, minulla on vankka koulutus ja kokemus terapeuttisesta ty\u00f6st\u00e4. Parhaillaan opiskelen ratkaisukeskeiseksi lyhytyterapeutiksi Stepbystepin j\u00e4rjest\u00e4m\u00e4ss\u00e4 koulutuksessa. Olen opiskellut psykologiaa ja valmennusta ja ollut jo pitk\u00e4\u00e4n kiinnostunut mielen ihmeist\u00e4. Olen ty\u00f6skennellyt erilaisten asiakkaiden kanssa eri el\u00e4m\u00e4ntilanteissa. T\u00e4m\u00e4 kokemus on auttanut minua kehitt\u00e4m\u00e4\u00e4n taitoja, joita tarvitaan ratkaisukeskeisen lyhytterapeutin ty\u00f6ss\u00e4. T\u00e4rkeint\u00e4 ratkaisukeskeisess\u00e4 lyhytterapiassa on kuitenkin asiakkaan tukeminen ja ohjaaminen kohti haluttuja muutoksia. Terapeutin roolina on luoda turvallinen ja kannustava ilmapiiri, jossa asiakas voi tuntea olonsa kuulluksi ja ymm\u00e4rretyksi. Ty\u00f6skentelemme yhdess\u00e4 tavoitteiden asettamiseksi ja konkreettisten ratkaisujen l\u00f6yt\u00e4miseksi. Joten, vastauksena kysymykseen &#8221;Min\u00e4k\u00f6 muka ratkaisukeskeinen lyhytterapeutti?&#8221; voin sanoa, ett\u00e4 kyll\u00e4, min\u00e4 olen sellainen. Uskon ihmisen voimaan ja potentiaaliin, olen empaattinen kuuntelija ja minulla on tarvittava koulutus ja kokemus auttaakseni ihmisi\u00e4 l\u00f6yt\u00e4m\u00e4\u00e4n ratkaisuja el\u00e4m\u00e4ns\u00e4 haasteisiin. Jos etsit tukea ja ohjausta matkallasi kohti muutosta, olen t\u00e4\u00e4ll\u00e4 auttamassa sinua. Ota rohkeasti yhteytt\u00e4 ja aloitetaan yhdess\u00e4 matka kohti parempaa tulevaisuutta.<\/p>\n","protected":false},"author":2,"featured_media":597,"parent":35,"menu_order":15,"comment_status":"closed","ping_status":"closed","template":"","meta":{"footnotes":""},"class_list":["post-582","page","type-page","status-publish","has-post-thumbnail","hentry"],"jetpack_sharing_enabled":true,"_links":{"self":[{"href":"https:\/\/joenpolvi.fi\/index.php?rest_route=\/wp\/v2\/pages\/582","targetHints":{"allow":["GET"]}}],"collection":[{"href":"https:\/\/joenpolvi.fi\/index.php?rest_route=\/wp\/v2\/pages"}],"about":[{"href":"https:\/\/joenpolvi.fi\/index.php?rest_route=\/wp\/v2\/types\/page"}],"author":[{"embeddable":true,"href":"https:\/\/joenpolvi.fi\/index.php?rest_route=\/wp\/v2\/users\/2"}],"replies":[{"embeddable":true,"href":"https:\/\/joenpolvi.fi\/index.php?rest_route=%2Fwp%2Fv2%2Fcomments&post=582"}],"version-history":[{"count":3,"href":"https:\/\/joenpolvi.fi\/index.php?rest_route=\/wp\/v2\/pages\/582\/revisions"}],"predecessor-version":[{"id":738,"href":"https:\/\/joenpolvi.fi\/index.php?rest_route=\/wp\/v2\/pages\/582\/revisions\/738"}],"up":[{"embeddable":true,"href":"https:\/\/joenpolvi.fi\/index.php?rest_route=\/wp\/v2\/pages\/35"}],"wp:featuredmedia":[{"embeddable":true,"href":"https:\/\/joenpolvi.fi\/index.php?rest_route=\/wp\/v2\/media\/597"}],"wp:attachment":[{"href":"https:\/\/joenpolvi.fi\/index.php?rest_route=%2Fwp%2Fv2%2Fmedia&parent=582"}],"curies":[{"name":"wp","href":"https:\/\/api.w.org\/{rel}","templated":true}]}}