{"id":586,"date":"2023-07-19T10:46:56","date_gmt":"2023-07-19T08:46:56","guid":{"rendered":"https:\/\/joenpolvi.fi\/?page_id=586"},"modified":"2024-02-18T17:33:56","modified_gmt":"2024-02-18T15:33:56","slug":"lyhytterapiasopimus","status":"publish","type":"page","link":"https:\/\/joenpolvi.fi\/?page_id=586","title":{"rendered":"Lyhytterapiasopimus"},"content":{"rendered":"\n<p><\/p>\n\n\n\n<h2 class=\"wp-block-heading\">1. Palvelun pituus ja sis\u00e4lt\u00f6<\/h2>\n\n\n\n<p>Lyhytterapia on 1-20 kerran prosessi, jossa keskityt\u00e4\u00e4n asiakkaan toivomaan teemaan tai rajattuun ongelma-alueeseen. Tavoitteena on asiakkaan itseymm\u00e4rryksen lis\u00e4\u00e4minen, tunteiden s\u00e4\u00e4telyn tukeminen, ongelmanratkaisutaitojen kehitt\u00e4minen, kriisien hallinta sek\u00e4 k\u00e4ytt\u00e4ytymisen muutokset arjessa. Diagnoosia tai l\u00e4hetett\u00e4 ei tarvita.<\/p>\n\n\n\n<p>Lyhytterapiaprosessin pituudesta sovitaan asiakkaan ja terapeutin v\u00e4lill\u00e4. Asiakas ei sitoudu palveluun tullessaan tiettyyn m\u00e4\u00e4r\u00e4\u00e4n k\u00e4yntikertoja (tai Teams-tapaamisia), mutta terapeutin kanssa yhteisty\u00f6ss\u00e4 voidaan sopia asiakkaan tilanteeseen sopivan mittaisesta terapiajaksosta. <\/p>\n\n\n\n<p>Ratkaisukeskeinen lyhytterapia on vuorovaikutteinen ja yhteisty\u00f6keskeinen prosessi, jossa terapeutti pyrkii ker\u00e4\u00e4m\u00e4\u00e4n palautetta ja kehitt\u00e4m\u00e4\u00e4n palvelua asiakkaalle sopivaksi. Terapian tuloksellisuuden arviointia tehd\u00e4\u00e4n yhdess\u00e4 laadittujen tavoitteiden pohjalta.<\/p>\n\n\n\n<h2 class=\"wp-block-heading\">2. Vaitiolovelvollisuus ja oikeus keskeytt\u00e4\u00e4 terapia<\/h2>\n\n\n\n<p>Ratkaisukeskeinen lyhytterapeutti on saanut koulutuksen ty\u00f6skentelyyns\u00e4. Lyhytterapia ei ole terveydenhuollon palvelu, eik\u00e4 siihen voi saada Kelan tukea. Kyseess\u00e4 on asiakas- ei potilassuhde. Mik\u00e4li terapeutti n\u00e4kee, ett\u00e4 asiakas hy\u00f6tyisi enemm\u00e4n muun hoito- tai palvelutahon avusta, h\u00e4nell\u00e4 on oikeus suositella t\u00e4t\u00e4 asiakkaalle ja keskeytt\u00e4\u00e4 terapia tarvittaessa. Terapiasuhteessa mahdollisesti nouseva kriittinen palaute pyrit\u00e4\u00e4n k\u00e4sittelem\u00e4\u00e4n yhteisty\u00f6ss\u00e4 asiakkaan ja terapeutin kesken. Asiakkaalla on oikeus keskeytt\u00e4\u00e4 terapia. T\u00e4st\u00e4 on kuitenkin hyv\u00e4 keskustella terapeutin kanssa. Terapeutti huolehtii omasta ammatillisuudestaan ja jaksamisestaan mm. ty\u00f6nohjauksen avulla.<\/p>\n\n\n\n<p>Ratkaisukeskeinen lyhytterapia on luottamuksellista. Terapeutti on kuitenkin lain mukaan velvollinen esimerkiksi tekem\u00e4\u00e4n lastensuojeluilmoituksen mik\u00e4li h\u00e4nell\u00e4 her\u00e4\u00e4 huoli. Ilmoituksia ei tehd\u00e4 asiakkaan tiet\u00e4m\u00e4tt\u00e4. Asiakkaalla on oikeus n\u00e4hd\u00e4 terapeutin k\u00e4ynnill\u00e4 kirjoittamat muistiinpanot. Muistiinpanot s\u00e4ilytet\u00e4\u00e4n lukkojen takana. Asiakkaan kertomia asioita ei raportoida muualle eik\u00e4 kirjata terveys- tai sosiaalihuollon asiakastietoj\u00e4rjestelmiin. Terapian loputtua tiedot tuhotaan tai asiakas saa ne halutessaan itselleen. Mik\u00e4li asiakas haluaa viel\u00e4 palata terapiaan, voidaan muistiinpanoja asiakkaan toiveesta s\u00e4ilytt\u00e4\u00e4 maksimissaan vuoden ajan asiakkaan edellisest\u00e4 k\u00e4ynnist\u00e4. Terapeutti voi k\u00e4sitell\u00e4 asiakkaan asiaa nimett\u00f6m\u00e4n\u00e4 ty\u00f6nohjauksessaan mik\u00e4li asiakas antaa t\u00e4h\u00e4n luvan.<\/p>\n\n\n\n<h2 class=\"wp-block-heading\">3. Asiakastietojen tallennus ja k\u00e4ytt\u00f6<\/h2>\n\n\n\n<p>Asiakkaan nimet, puhelinnumerot ja s\u00e4hk\u00f6postit tallennetaan asiakasrekisteriin, jonka s\u00e4ilytt\u00e4minen tapahtuu tietosuoja-asetuksen mukaisesti. Asiakastietorekisteri\u00e4 voidaan k\u00e4ytt\u00e4\u00e4 asiakastyytyv\u00e4isyyskyselyihin, palvelun kehitt\u00e4miseen ja terapeutin omien tapahtumien markkinointiin. Asiakkaalla on oikeus kielt\u00e4\u00e4 tietojensa k\u00e4ytt\u00e4minen edell\u00e4 mainittuihin tarkoituksiin. Tietoja ei luovuteta kolmansille osapuolille.<\/p>\n\n\n\n<h2 class=\"wp-block-heading\">4. K\u00e4yntimaksut<\/h2>\n\n\n\n<p>Asiakas sitoutuu maksamaan varaamansa k\u00e4ynnin. Mik\u00e4li k\u00e4ynti perutaan edellisen p\u00e4iv\u00e4n aikana, maksua ei perit\u00e4. Samana p\u00e4iv\u00e4n\u00e4 peruutetuista ajoista perit\u00e4\u00e4n 50% k\u00e4yntihinnasta, poikkeuksena l\u00e4\u00e4k\u00e4rintodistuksella todennettava sairastuminen, jolloin k\u00e4yntimaksua ei veloiteta. Asiakkaan my\u00f6h\u00e4styess\u00e4 my\u00f6h\u00e4styminen on pois terapia-ajasta.<\/p>\n\n\n\n<p>K\u00e4yntimaksu hoidetaan ensimm\u00e4isell\u00e4 terapiakerralla aina k\u00e4teisell\u00e4, Pivolla tai Mobilepaylla. Jatkossa asiakas voi pyyt\u00e4\u00e4 laskutusta. Laskun maksuaika on 14 p\u00e4iv\u00e4\u00e4. Muistutuksesta perit\u00e4\u00e4n 5\u20ac laskutuslis\u00e4.<\/p>\n","protected":false},"excerpt":{"rendered":"<p>1. Palvelun pituus ja sis\u00e4lt\u00f6 Lyhytterapia on 1-20 kerran prosessi, jossa keskityt\u00e4\u00e4n asiakkaan toivomaan teemaan tai rajattuun ongelma-alueeseen. Tavoitteena on asiakkaan itseymm\u00e4rryksen lis\u00e4\u00e4minen, tunteiden s\u00e4\u00e4telyn tukeminen, ongelmanratkaisutaitojen kehitt\u00e4minen, kriisien hallinta sek\u00e4 k\u00e4ytt\u00e4ytymisen muutokset arjessa. Diagnoosia tai l\u00e4hetett\u00e4 ei tarvita. Lyhytterapiaprosessin pituudesta sovitaan asiakkaan ja terapeutin v\u00e4lill\u00e4. Asiakas ei sitoudu palveluun tullessaan tiettyyn m\u00e4\u00e4r\u00e4\u00e4n k\u00e4yntikertoja (tai Teams-tapaamisia), mutta terapeutin kanssa yhteisty\u00f6ss\u00e4 voidaan sopia asiakkaan tilanteeseen sopivan mittaisesta terapiajaksosta. Ratkaisukeskeinen lyhytterapia on vuorovaikutteinen ja yhteisty\u00f6keskeinen prosessi, jossa terapeutti pyrkii ker\u00e4\u00e4m\u00e4\u00e4n palautetta ja kehitt\u00e4m\u00e4\u00e4n palvelua asiakkaalle sopivaksi. Terapian tuloksellisuuden arviointia tehd\u00e4\u00e4n yhdess\u00e4 laadittujen tavoitteiden pohjalta. 2. Vaitiolovelvollisuus ja oikeus keskeytt\u00e4\u00e4 terapia Ratkaisukeskeinen lyhytterapeutti on saanut koulutuksen ty\u00f6skentelyyns\u00e4. Lyhytterapia ei ole terveydenhuollon palvelu, eik\u00e4 siihen voi saada Kelan tukea. Kyseess\u00e4 on asiakas- ei potilassuhde. Mik\u00e4li terapeutti n\u00e4kee, ett\u00e4 asiakas hy\u00f6tyisi enemm\u00e4n muun hoito- tai palvelutahon avusta, h\u00e4nell\u00e4 on oikeus suositella t\u00e4t\u00e4 asiakkaalle ja keskeytt\u00e4\u00e4 terapia tarvittaessa. Terapiasuhteessa mahdollisesti nouseva kriittinen palaute pyrit\u00e4\u00e4n k\u00e4sittelem\u00e4\u00e4n yhteisty\u00f6ss\u00e4 asiakkaan ja terapeutin kesken. Asiakkaalla on oikeus keskeytt\u00e4\u00e4 terapia. T\u00e4st\u00e4 on kuitenkin hyv\u00e4 keskustella terapeutin kanssa. Terapeutti huolehtii omasta ammatillisuudestaan ja jaksamisestaan mm. ty\u00f6nohjauksen avulla. Ratkaisukeskeinen lyhytterapia on luottamuksellista. Terapeutti on kuitenkin lain mukaan velvollinen esimerkiksi tekem\u00e4\u00e4n lastensuojeluilmoituksen mik\u00e4li h\u00e4nell\u00e4 her\u00e4\u00e4 huoli. Ilmoituksia ei tehd\u00e4 asiakkaan tiet\u00e4m\u00e4tt\u00e4. Asiakkaalla on oikeus n\u00e4hd\u00e4 terapeutin k\u00e4ynnill\u00e4 kirjoittamat muistiinpanot. Muistiinpanot s\u00e4ilytet\u00e4\u00e4n lukkojen takana. Asiakkaan kertomia asioita ei raportoida muualle eik\u00e4 kirjata terveys- tai sosiaalihuollon asiakastietoj\u00e4rjestelmiin. Terapian loputtua tiedot tuhotaan tai asiakas saa ne halutessaan itselleen. Mik\u00e4li asiakas haluaa viel\u00e4 palata terapiaan, voidaan muistiinpanoja asiakkaan toiveesta s\u00e4ilytt\u00e4\u00e4 maksimissaan vuoden ajan asiakkaan edellisest\u00e4 k\u00e4ynnist\u00e4. Terapeutti voi k\u00e4sitell\u00e4 asiakkaan asiaa nimett\u00f6m\u00e4n\u00e4 ty\u00f6nohjauksessaan mik\u00e4li asiakas antaa t\u00e4h\u00e4n luvan. 3. Asiakastietojen tallennus ja k\u00e4ytt\u00f6 Asiakkaan nimet, puhelinnumerot ja s\u00e4hk\u00f6postit tallennetaan asiakasrekisteriin, jonka s\u00e4ilytt\u00e4minen tapahtuu tietosuoja-asetuksen mukaisesti. Asiakastietorekisteri\u00e4 voidaan k\u00e4ytt\u00e4\u00e4 asiakastyytyv\u00e4isyyskyselyihin, palvelun kehitt\u00e4miseen ja terapeutin omien tapahtumien markkinointiin. Asiakkaalla on oikeus kielt\u00e4\u00e4 tietojensa k\u00e4ytt\u00e4minen edell\u00e4 mainittuihin tarkoituksiin. Tietoja ei luovuteta kolmansille osapuolille. 4. K\u00e4yntimaksut Asiakas sitoutuu maksamaan varaamansa k\u00e4ynnin. Mik\u00e4li k\u00e4ynti perutaan edellisen p\u00e4iv\u00e4n aikana, maksua ei perit\u00e4. Samana p\u00e4iv\u00e4n\u00e4 peruutetuista ajoista perit\u00e4\u00e4n 50% k\u00e4yntihinnasta, poikkeuksena l\u00e4\u00e4k\u00e4rintodistuksella todennettava sairastuminen, jolloin k\u00e4yntimaksua ei veloiteta. Asiakkaan my\u00f6h\u00e4styess\u00e4 my\u00f6h\u00e4styminen on pois terapia-ajasta. K\u00e4yntimaksu hoidetaan ensimm\u00e4isell\u00e4 terapiakerralla aina k\u00e4teisell\u00e4, Pivolla tai Mobilepaylla. Jatkossa asiakas voi pyyt\u00e4\u00e4 laskutusta. Laskun maksuaika on 14 p\u00e4iv\u00e4\u00e4. Muistutuksesta perit\u00e4\u00e4n 5\u20ac laskutuslis\u00e4.<\/p>\n","protected":false},"author":2,"featured_media":696,"parent":582,"menu_order":0,"comment_status":"closed","ping_status":"closed","template":"","meta":{"footnotes":""},"class_list":["post-586","page","type-page","status-publish","has-post-thumbnail","hentry"],"jetpack_sharing_enabled":true,"_links":{"self":[{"href":"https:\/\/joenpolvi.fi\/index.php?rest_route=\/wp\/v2\/pages\/586","targetHints":{"allow":["GET"]}}],"collection":[{"href":"https:\/\/joenpolvi.fi\/index.php?rest_route=\/wp\/v2\/pages"}],"about":[{"href":"https:\/\/joenpolvi.fi\/index.php?rest_route=\/wp\/v2\/types\/page"}],"author":[{"embeddable":true,"href":"https:\/\/joenpolvi.fi\/index.php?rest_route=\/wp\/v2\/users\/2"}],"replies":[{"embeddable":true,"href":"https:\/\/joenpolvi.fi\/index.php?rest_route=%2Fwp%2Fv2%2Fcomments&post=586"}],"version-history":[{"count":3,"href":"https:\/\/joenpolvi.fi\/index.php?rest_route=\/wp\/v2\/pages\/586\/revisions"}],"predecessor-version":[{"id":661,"href":"https:\/\/joenpolvi.fi\/index.php?rest_route=\/wp\/v2\/pages\/586\/revisions\/661"}],"up":[{"embeddable":true,"href":"https:\/\/joenpolvi.fi\/index.php?rest_route=\/wp\/v2\/pages\/582"}],"wp:featuredmedia":[{"embeddable":true,"href":"https:\/\/joenpolvi.fi\/index.php?rest_route=\/wp\/v2\/media\/696"}],"wp:attachment":[{"href":"https:\/\/joenpolvi.fi\/index.php?rest_route=%2Fwp%2Fv2%2Fmedia&parent=586"}],"curies":[{"name":"wp","href":"https:\/\/api.w.org\/{rel}","templated":true}]}}