{"id":421,"date":"2021-07-14T20:48:13","date_gmt":"2021-07-14T18:48:13","guid":{"rendered":"https:\/\/joenpolvi.fi\/?post_type=product&#038;p=421"},"modified":"2021-08-16T11:17:05","modified_gmt":"2021-08-16T09:17:05","slug":"virtaava-mina-10-kerran-verkkopiiri-naisille-12-8-2021","status":"publish","type":"product","link":"https:\/\/joenpolvi.fi\/?product=virtaava-mina-10-kerran-verkkopiiri-naisille-12-8-2021","title":{"rendered":"Virtaava min\u00e4 -10 kerran verkkopiiri 12.8.2021"},"content":{"rendered":"<p>Tuntuuko sinusta, ett\u00e4 et aina ymm\u00e4rr\u00e4 itse\u00e4si? Haluaisitko riisua roolisi? Voisitko el\u00e4\u00e4 enemm\u00e4n itsesi n\u00e4k\u00f6ist\u00e4 el\u00e4m\u00e4\u00e4?<\/p>\n<p>Teetk\u00f6 asioita usein siksi, ett\u00e4 niin pit\u00e4\u00e4 tehd\u00e4? Suoritatko el\u00e4m\u00e4\u00e4si? Oletko hukannut sinne alle jonnekin tiedon siit\u00e4 mit\u00e4 oikeasti haluat? Haluatko uusia n\u00e4k\u00f6kulmia?<\/p>\n<p>Naisten verkkopiiriss\u00e4 tutustumme itseemme. Teemme t\u00f6it\u00e4 turvallisessa ryhm\u00e4ss\u00e4, kokoonnumme 10 kertaa, kymmenen viikon ajan.<\/p>\n<p>&nbsp;<\/p>\n","protected":false},"excerpt":{"rendered":"<p>Virtaava min\u00e4 &#8211; naisten verkkopiiri aloittaa elokuussa 12.8.2021 kokoontumiset verkossa. Kokoontumiskertoja on kymmenen. Torstaisin 16.30-18.00.<\/p>\n<p>Aiheina kokoontumisissa ovat hyv\u00e4ksynt\u00e4, tunteet, ajatukset, omat rajat, voimavarat, uudet asenteet, ihmissuhteet, mit\u00e4 voin tehd\u00e4, rohkeus ja kasvu.<\/p>\n<p>Naisten verkkopiiri ei ole terapiaa. Se on sinua itse\u00e4si varten, saat olla itsesi n\u00e4k\u00f6inen ja kokoinen, tulla kuulluksi omana itsen\u00e4si. Siell\u00e4 ei neuvota, eik\u00e4 korjata, mutta avoimen asenteen kanssa oivalluksilta ei voi v\u00e4ltty\u00e4 ja n\u00e4k\u00f6kulmia tulee. Jokainen saa jakaa asioita siin\u00e4 m\u00e4\u00e4rin kuin tahtoo, mit\u00e4\u00e4n ei ole pakko tehd\u00e4.<\/p>\n<p>Piirin toimivuuden vuoksi suosittelen, ett\u00e4 yst\u00e4v\u00e4t, tuttavat ja perheenj\u00e4senet eiv\u00e4t osallistuisi samaan ryhm\u00e4\u00e4n.<\/p>\n<p>Piiriss\u00e4 tulee olla v\u00e4hint\u00e4\u00e4n 4 osallistujaa, jotta se oikeasti antaa n\u00e4k\u00f6kulmia. Osallistuminen on turvallista, kun ostat tuotteen t\u00e4st\u00e4, maksat laskulla ensimm\u00e4isen kerran j\u00e4lkeen. Piiriin on varattu paikka my\u00f6s yhdelle v\u00e4h\u00e4varaiselle, sen saadaksesi laita viesti\u00e4 polveileva@gmail.com.<\/p>\n","protected":false},"featured_media":426,"comment_status":"open","ping_status":"closed","template":"","meta":[],"product_brand":[],"product_cat":[180],"product_tag":[195,197],"class_list":{"0":"post-421","1":"product","2":"type-product","3":"status-publish","4":"has-post-thumbnail","6":"product_cat-yleinen","7":"product_tag-naistenpiiri","8":"product_tag-verkkopiiri","10":"first","11":"outofstock","12":"sale","13":"virtual","14":"sold-individually","15":"purchasable","16":"product-type-simple"},"jetpack_sharing_enabled":true,"_links":{"self":[{"href":"https:\/\/joenpolvi.fi\/index.php?rest_route=\/wp\/v2\/product\/421","targetHints":{"allow":["GET"]}}],"collection":[{"href":"https:\/\/joenpolvi.fi\/index.php?rest_route=\/wp\/v2\/product"}],"about":[{"href":"https:\/\/joenpolvi.fi\/index.php?rest_route=\/wp\/v2\/types\/product"}],"replies":[{"embeddable":true,"href":"https:\/\/joenpolvi.fi\/index.php?rest_route=%2Fwp%2Fv2%2Fcomments&post=421"}],"wp:featuredmedia":[{"embeddable":true,"href":"https:\/\/joenpolvi.fi\/index.php?rest_route=\/wp\/v2\/media\/426"}],"wp:attachment":[{"href":"https:\/\/joenpolvi.fi\/index.php?rest_route=%2Fwp%2Fv2%2Fmedia&parent=421"}],"wp:term":[{"taxonomy":"product_brand","embeddable":true,"href":"https:\/\/joenpolvi.fi\/index.php?rest_route=%2Fwp%2Fv2%2Fproduct_brand&post=421"},{"taxonomy":"product_cat","embeddable":true,"href":"https:\/\/joenpolvi.fi\/index.php?rest_route=%2Fwp%2Fv2%2Fproduct_cat&post=421"},{"taxonomy":"product_tag","embeddable":true,"href":"https:\/\/joenpolvi.fi\/index.php?rest_route=%2Fwp%2Fv2%2Fproduct_tag&post=421"}],"curies":[{"name":"wp","href":"https:\/\/api.w.org\/{rel}","templated":true}]}}