{"id":565,"date":"2021-11-26T14:54:18","date_gmt":"2021-11-26T12:54:18","guid":{"rendered":"https:\/\/joenpolvi.fi\/?post_type=product&#038;p=565"},"modified":"2021-11-26T15:16:28","modified_gmt":"2021-11-26T13:16:28","slug":"polveileva-mina-5-kerran-naistenpiiri-loimaalla-kopio","status":"publish","type":"product","link":"https:\/\/joenpolvi.fi\/?product=polveileva-mina-5-kerran-naistenpiiri-loimaalla-kopio","title":{"rendered":"Polveileva min\u00e4 -5 kerran naistenpiiri 3.1.22 Loimaalla"},"content":{"rendered":"<p>Tuntuuko sinusta, ett\u00e4 et aina ymm\u00e4rr\u00e4 itse\u00e4si? Haluaisitko riisua roolisi? Voisitko el\u00e4\u00e4 enemm\u00e4n itsesi n\u00e4k\u00f6ist\u00e4 el\u00e4m\u00e4\u00e4?<\/p>\n<p>Teetk\u00f6 asioita usein siksi, ett\u00e4 niin pit\u00e4\u00e4 tehd\u00e4? Suoritatko el\u00e4m\u00e4\u00e4si? Oletko hukannut sinne alle jonnekin tiedon siit\u00e4 mit\u00e4 oikeasti haluat? Haluatko uusia n\u00e4k\u00f6kulmia?<\/p>\n<p>Naisten piiriss\u00e4 tutustumme itseemme. Teemme t\u00f6it\u00e4 turvallisessa ryhm\u00e4ss\u00e4. Kaikki mit\u00e4 ryhm\u00e4ss\u00e4 tapahtuu j\u00e4\u00e4 sinne.<\/p>\n<p>&nbsp;<\/p>\n","protected":false},"excerpt":{"rendered":"<p>Polveileva min\u00e4 -naistenpiiri aloittaa tammikuussa 3.1.2022 Loimaalla. Kokoontumiskertoja on viisi. Maanantai-iltaisin 16.30-18.00.<\/p>\n<p>Aiheina kokoontumisissa ovat tunteet, ajatukset, omat rajat, ihmissuhteet ja mit\u00e4 voin tehd\u00e4.<\/p>\n<p>Miksi sinun kannattaa tulla mukaan?<\/p>\n<p>Jos tunnet olevasi yksin tai erilainen, ajattelet ettet kuulu joukkoon tai olevasi ulkopuolinen. Jos ahdistaa tai jos vaan haluat tutustua itseesi paremmin. Puhumme asioista, jotka koskettavat meit\u00e4 kaikkia, tunteista, ajatuksista, omista rajoista, itsetunnosta, ihmissuhteista. Naistenpiiri ei ole terapiaa. Se on sinua itse\u00e4si varten, saat olla itsesi n\u00e4k\u00f6inen ja kokoinen, tulla kuulluksi omana itsen\u00e4si. Siell\u00e4 ei neuvota, eik\u00e4 korjata, mutta avoimen asenteen kanssa oivalluksilta ei voi v\u00e4ltty\u00e4 ja n\u00e4k\u00f6kulmia tulee. Jokainen saa jakaa asioita siin\u00e4 m\u00e4\u00e4rin kuin tahtoo, mit\u00e4\u00e4n ei ole pakko tehd\u00e4.<\/p>\n<p>Piirin toimivuuden vuoksi suosittelen, ett\u00e4 yst\u00e4v\u00e4t, tuttavat ja perheenj\u00e4senet eiv\u00e4t osallistuisi samaan ryhm\u00e4\u00e4n.<\/p>\n<p>Piiriss\u00e4 tulee olla v\u00e4hint\u00e4\u00e4n 4 osallistujaa, jotta se oikeasti antaa n\u00e4k\u00f6kulmia. Osallistuminen on turvallista, kun ostat tuotteen t\u00e4st\u00e4, maksat vasta paikan p\u00e4\u00e4ll\u00e4 ensimm\u00e4isell\u00e4 kerralla. Tai laskulla ensimm\u00e4isen kerran j\u00e4lkeen.<\/p>\n","protected":false},"featured_media":566,"comment_status":"open","ping_status":"closed","template":"","meta":[],"product_brand":[],"product_cat":[180],"product_tag":[195],"class_list":{"0":"post-565","1":"product","2":"type-product","3":"status-publish","4":"has-post-thumbnail","6":"product_cat-yleinen","7":"product_tag-naistenpiiri","9":"first","10":"instock","11":"sale","12":"virtual","13":"sold-individually","14":"purchasable","15":"product-type-simple"},"jetpack_sharing_enabled":true,"_links":{"self":[{"href":"https:\/\/joenpolvi.fi\/index.php?rest_route=\/wp\/v2\/product\/565","targetHints":{"allow":["GET"]}}],"collection":[{"href":"https:\/\/joenpolvi.fi\/index.php?rest_route=\/wp\/v2\/product"}],"about":[{"href":"https:\/\/joenpolvi.fi\/index.php?rest_route=\/wp\/v2\/types\/product"}],"replies":[{"embeddable":true,"href":"https:\/\/joenpolvi.fi\/index.php?rest_route=%2Fwp%2Fv2%2Fcomments&post=565"}],"wp:featuredmedia":[{"embeddable":true,"href":"https:\/\/joenpolvi.fi\/index.php?rest_route=\/wp\/v2\/media\/566"}],"wp:attachment":[{"href":"https:\/\/joenpolvi.fi\/index.php?rest_route=%2Fwp%2Fv2%2Fmedia&parent=565"}],"wp:term":[{"taxonomy":"product_brand","embeddable":true,"href":"https:\/\/joenpolvi.fi\/index.php?rest_route=%2Fwp%2Fv2%2Fproduct_brand&post=565"},{"taxonomy":"product_cat","embeddable":true,"href":"https:\/\/joenpolvi.fi\/index.php?rest_route=%2Fwp%2Fv2%2Fproduct_cat&post=565"},{"taxonomy":"product_tag","embeddable":true,"href":"https:\/\/joenpolvi.fi\/index.php?rest_route=%2Fwp%2Fv2%2Fproduct_tag&post=565"}],"curies":[{"name":"wp","href":"https:\/\/api.w.org\/{rel}","templated":true}]}}